{"id":13,"date":"2026-03-18T09:40:46","date_gmt":"2026-03-18T09:40:46","guid":{"rendered":"https:\/\/laurabatlles.com\/?page_id=13"},"modified":"2026-03-24T11:32:15","modified_gmt":"2026-03-24T11:32:15","slug":"inici","status":"publish","type":"page","link":"https:\/\/laurabatlles.com\/","title":{"rendered":"INICI"},"content":{"rendered":"\t\t<div data-elementor-type=\"wp-page\" data-elementor-id=\"13\" class=\"elementor elementor-13\" data-elementor-post-type=\"page\">\n\t\t\t\t<div class=\"elementor-element elementor-element-89b3c49 e-flex e-con-boxed e-con e-parent\" data-id=\"89b3c49\" data-element_type=\"container\" data-e-type=\"container\" data-settings=\"{&quot;background_background&quot;:&quot;classic&quot;}\">\n\t\t\t\t\t<div class=\"e-con-inner\">\n\t\t\t\t<div class=\"elementor-element elementor-element-aedc265 elementor-widget__width-initial elementor-absolute elementor-invisible elementor-widget elementor-widget-image\" data-id=\"aedc265\" data-element_type=\"widget\" data-e-type=\"widget\" data-settings=\"{&quot;_position&quot;:&quot;absolute&quot;,&quot;_animation&quot;:&quot;fadeIn&quot;,&quot;_animation_delay&quot;:900}\" data-widget_type=\"image.default\">\n\t\t\t\t\t\t\t\t\t\t\t\t\t\t\t<img fetchpriority=\"high\" decoding=\"async\" width=\"683\" height=\"1024\" src=\"https:\/\/laurabatlles.com\/wp-content\/uploads\/2026\/03\/BM_0009-683x1024.jpg\" class=\"attachment-large size-large wp-image-251\" alt=\"\" srcset=\"https:\/\/laurabatlles.com\/wp-content\/uploads\/2026\/03\/BM_0009-683x1024.jpg 683w, https:\/\/laurabatlles.com\/wp-content\/uploads\/2026\/03\/BM_0009-200x300.jpg 200w, https:\/\/laurabatlles.com\/wp-content\/uploads\/2026\/03\/BM_0009-768x1152.jpg 768w, https:\/\/laurabatlles.com\/wp-content\/uploads\/2026\/03\/BM_0009.jpg 945w\" sizes=\"(max-width: 683px) 100vw, 683px\" \/>\t\t\t\t\t\t\t\t\t\t\t\t\t\t\t<\/div>\n\t\t\t\t<div class=\"elementor-element elementor-element-53a78f8 elementor-widget__width-initial elementor-absolute animated-slow elementor-invisible elementor-widget elementor-widget-image\" data-id=\"53a78f8\" data-element_type=\"widget\" data-e-type=\"widget\" data-settings=\"{&quot;_position&quot;:&quot;absolute&quot;,&quot;_animation&quot;:&quot;fadeIn&quot;,&quot;_animation_delay&quot;:500}\" data-widget_type=\"image.default\">\n\t\t\t\t\t\t\t\t\t\t\t\t\t\t\t<img decoding=\"async\" width=\"800\" height=\"534\" src=\"https:\/\/laurabatlles.com\/wp-content\/uploads\/2026\/03\/BM_0598-1024x683.jpg\" class=\"attachment-large size-large wp-image-454\" alt=\"\" srcset=\"https:\/\/laurabatlles.com\/wp-content\/uploads\/2026\/03\/BM_0598-1024x683.jpg 1024w, https:\/\/laurabatlles.com\/wp-content\/uploads\/2026\/03\/BM_0598-300x200.jpg 300w, https:\/\/laurabatlles.com\/wp-content\/uploads\/2026\/03\/BM_0598-768x512.jpg 768w, https:\/\/laurabatlles.com\/wp-content\/uploads\/2026\/03\/BM_0598-1536x1024.jpg 1536w, https:\/\/laurabatlles.com\/wp-content\/uploads\/2026\/03\/BM_0598.jpg 2008w\" sizes=\"(max-width: 800px) 100vw, 800px\" \/>\t\t\t\t\t\t\t\t\t\t\t\t\t\t\t<\/div>\n\t\t\t\t<div class=\"elementor-element elementor-element-563b4ec elementor-widget__width-initial elementor-absolute animated-slow elementor-invisible elementor-widget elementor-widget-image\" data-id=\"563b4ec\" data-element_type=\"widget\" data-e-type=\"widget\" data-settings=\"{&quot;_position&quot;:&quot;absolute&quot;,&quot;_animation&quot;:&quot;fadeIn&quot;,&quot;_animation_delay&quot;:0}\" data-widget_type=\"image.default\">\n\t\t\t\t\t\t\t\t\t\t\t\t\t\t\t<img decoding=\"async\" width=\"800\" height=\"534\" src=\"https:\/\/laurabatlles.com\/wp-content\/uploads\/2026\/03\/MF_0658-1024x683.jpg\" class=\"attachment-large size-large wp-image-457\" alt=\"\" srcset=\"https:\/\/laurabatlles.com\/wp-content\/uploads\/2026\/03\/MF_0658-1024x683.jpg 1024w, https:\/\/laurabatlles.com\/wp-content\/uploads\/2026\/03\/MF_0658-300x200.jpg 300w, https:\/\/laurabatlles.com\/wp-content\/uploads\/2026\/03\/MF_0658-768x512.jpg 768w, https:\/\/laurabatlles.com\/wp-content\/uploads\/2026\/03\/MF_0658-1536x1024.jpg 1536w, https:\/\/laurabatlles.com\/wp-content\/uploads\/2026\/03\/MF_0658.jpg 2008w\" sizes=\"(max-width: 800px) 100vw, 800px\" \/>\t\t\t\t\t\t\t\t\t\t\t\t\t\t\t<\/div>\n\t\t\t\t<div class=\"elementor-element elementor-element-2b25c4e elementor-widget__width-initial elementor-absolute animated-slow elementor-invisible elementor-widget elementor-widget-image\" data-id=\"2b25c4e\" data-element_type=\"widget\" data-e-type=\"widget\" data-settings=\"{&quot;_position&quot;:&quot;absolute&quot;,&quot;_animation&quot;:&quot;fadeIn&quot;,&quot;_animation_delay&quot;:0}\" data-widget_type=\"image.default\">\n\t\t\t\t\t\t\t\t\t\t\t\t\t\t\t<img loading=\"lazy\" decoding=\"async\" width=\"800\" height=\"534\" src=\"https:\/\/laurabatlles.com\/wp-content\/uploads\/2026\/03\/BM_0152-1024x683.jpg\" class=\"attachment-large size-large wp-image-316\" alt=\"\" srcset=\"https:\/\/laurabatlles.com\/wp-content\/uploads\/2026\/03\/BM_0152-1024x683.jpg 1024w, https:\/\/laurabatlles.com\/wp-content\/uploads\/2026\/03\/BM_0152-300x200.jpg 300w, https:\/\/laurabatlles.com\/wp-content\/uploads\/2026\/03\/BM_0152-768x512.jpg 768w, https:\/\/laurabatlles.com\/wp-content\/uploads\/2026\/03\/BM_0152.jpg 1417w\" sizes=\"(max-width: 800px) 100vw, 800px\" \/>\t\t\t\t\t\t\t\t\t\t\t\t\t\t\t<\/div>\n\t\t\t\t<div class=\"elementor-element elementor-element-be42388 elementor-widget__width-initial elementor-absolute animated-fast elementor-invisible elementor-widget elementor-widget-image\" data-id=\"be42388\" data-element_type=\"widget\" data-e-type=\"widget\" data-settings=\"{&quot;_position&quot;:&quot;absolute&quot;,&quot;_animation&quot;:&quot;fadeIn&quot;,&quot;_animation_delay&quot;:1200}\" data-widget_type=\"image.default\">\n\t\t\t\t\t\t\t\t\t\t\t\t\t\t\t<img loading=\"lazy\" decoding=\"async\" width=\"683\" height=\"1024\" src=\"https:\/\/laurabatlles.com\/wp-content\/uploads\/2026\/03\/AN_1187-1-683x1024.jpg\" class=\"attachment-large size-large wp-image-484\" alt=\"\" srcset=\"https:\/\/laurabatlles.com\/wp-content\/uploads\/2026\/03\/AN_1187-1-683x1024.jpg 683w, https:\/\/laurabatlles.com\/wp-content\/uploads\/2026\/03\/AN_1187-1-200x300.jpg 200w, https:\/\/laurabatlles.com\/wp-content\/uploads\/2026\/03\/AN_1187-1-768x1152.jpg 768w, https:\/\/laurabatlles.com\/wp-content\/uploads\/2026\/03\/AN_1187-1-1024x1536.jpg 1024w, https:\/\/laurabatlles.com\/wp-content\/uploads\/2026\/03\/AN_1187-1-1366x2048.jpg 1366w, https:\/\/laurabatlles.com\/wp-content\/uploads\/2026\/03\/AN_1187-1.jpg 1575w\" sizes=\"(max-width: 683px) 100vw, 683px\" \/>\t\t\t\t\t\t\t\t\t\t\t\t\t\t\t<\/div>\n\t\t\t\t<div class=\"elementor-element elementor-element-906eaad elementor-widget__width-initial elementor-absolute animated-slow elementor-invisible elementor-widget elementor-widget-image\" data-id=\"906eaad\" data-element_type=\"widget\" data-e-type=\"widget\" data-settings=\"{&quot;_position&quot;:&quot;absolute&quot;,&quot;_animation&quot;:&quot;fadeIn&quot;,&quot;_animation_delay&quot;:0}\" data-widget_type=\"image.default\">\n\t\t\t\t\t\t\t\t\t\t\t\t\t\t\t<img loading=\"lazy\" decoding=\"async\" width=\"683\" height=\"1024\" src=\"https:\/\/laurabatlles.com\/wp-content\/uploads\/2026\/03\/BM_1139-683x1024.jpg\" class=\"attachment-large size-large wp-image-214\" alt=\"\" srcset=\"https:\/\/laurabatlles.com\/wp-content\/uploads\/2026\/03\/BM_1139-683x1024.jpg 683w, https:\/\/laurabatlles.com\/wp-content\/uploads\/2026\/03\/BM_1139-200x300.jpg 200w, https:\/\/laurabatlles.com\/wp-content\/uploads\/2026\/03\/BM_1139-768x1152.jpg 768w, https:\/\/laurabatlles.com\/wp-content\/uploads\/2026\/03\/BM_1139.jpg 945w\" sizes=\"(max-width: 683px) 100vw, 683px\" \/>\t\t\t\t\t\t\t\t\t\t\t\t\t\t\t<\/div>\n\t\t\t\t<div class=\"elementor-element elementor-element-1a944a0 elementor-widget__width-initial elementor-absolute animated-slow elementor-invisible elementor-widget elementor-widget-image\" data-id=\"1a944a0\" data-element_type=\"widget\" data-e-type=\"widget\" data-settings=\"{&quot;_position&quot;:&quot;absolute&quot;,&quot;_animation&quot;:&quot;fadeIn&quot;,&quot;_animation_delay&quot;:0}\" data-widget_type=\"image.default\">\n\t\t\t\t\t\t\t\t\t\t\t\t\t\t\t<img loading=\"lazy\" decoding=\"async\" width=\"683\" height=\"1024\" src=\"https:\/\/laurabatlles.com\/wp-content\/uploads\/2026\/03\/AN_1245-683x1024.jpg\" class=\"attachment-large size-large wp-image-460\" alt=\"\" srcset=\"https:\/\/laurabatlles.com\/wp-content\/uploads\/2026\/03\/AN_1245-683x1024.jpg 683w, https:\/\/laurabatlles.com\/wp-content\/uploads\/2026\/03\/AN_1245-200x300.jpg 200w, https:\/\/laurabatlles.com\/wp-content\/uploads\/2026\/03\/AN_1245-768x1152.jpg 768w, https:\/\/laurabatlles.com\/wp-content\/uploads\/2026\/03\/AN_1245-1024x1536.jpg 1024w, https:\/\/laurabatlles.com\/wp-content\/uploads\/2026\/03\/AN_1245.jpg 1339w\" sizes=\"(max-width: 683px) 100vw, 683px\" \/>\t\t\t\t\t\t\t\t\t\t\t\t\t\t\t<\/div>\n\t\t\t\t<div class=\"elementor-element elementor-element-3d351ca elementor-widget elementor-widget-image\" data-id=\"3d351ca\" data-element_type=\"widget\" data-e-type=\"widget\" data-settings=\"{&quot;sticky&quot;:&quot;top&quot;,&quot;sticky_on&quot;:[&quot;desktop&quot;,&quot;tablet&quot;,&quot;mobile&quot;],&quot;sticky_offset&quot;:0,&quot;sticky_effects_offset&quot;:0,&quot;sticky_anchor_link_offset&quot;:0}\" data-widget_type=\"image.default\">\n\t\t\t\t\t\t\t\t\t\t\t\t\t\t\t<img loading=\"lazy\" decoding=\"async\" width=\"800\" height=\"580\" src=\"https:\/\/laurabatlles.com\/wp-content\/uploads\/2026\/03\/LOGOS_BLANCS-15-1024x742.png\" class=\"attachment-large size-large wp-image-42\" alt=\"\" srcset=\"https:\/\/laurabatlles.com\/wp-content\/uploads\/2026\/03\/LOGOS_BLANCS-15-1024x742.png 1024w, https:\/\/laurabatlles.com\/wp-content\/uploads\/2026\/03\/LOGOS_BLANCS-15-300x217.png 300w, https:\/\/laurabatlles.com\/wp-content\/uploads\/2026\/03\/LOGOS_BLANCS-15-768x557.png 768w, https:\/\/laurabatlles.com\/wp-content\/uploads\/2026\/03\/LOGOS_BLANCS-15-1536x1114.png 1536w, https:\/\/laurabatlles.com\/wp-content\/uploads\/2026\/03\/LOGOS_BLANCS-15-2048x1485.png 2048w\" sizes=\"(max-width: 800px) 100vw, 800px\" \/>\t\t\t\t\t\t\t\t\t\t\t\t\t\t\t<\/div>\n\t\t\t\t\t<\/div>\n\t\t\t\t<\/div>\n\t\t<div class=\"elementor-element elementor-element-78928b6 e-flex e-con-boxed e-con e-parent\" data-id=\"78928b6\" data-element_type=\"container\" data-e-type=\"container\">\n\t\t\t\t\t<div class=\"e-con-inner\">\n\t\t\t\t<div class=\"elementor-element elementor-element-e212f23 elementor-widget__width-initial elementor-widget elementor-widget-heading\" data-id=\"e212f23\" data-element_type=\"widget\" data-e-type=\"widget\" data-widget_type=\"heading.default\">\n\t\t\t\t\t<h2 class=\"elementor-heading-title elementor-size-default\">All\u00f2 que avui \u00e9s\npresent, dem\u00e0 ser\u00e0 mem\u00f2ria.<\/h2>\t\t\t\t<\/div>\n\t\t\t\t<div class=\"elementor-element elementor-element-e8461e4 elementor-widget__width-initial elementor-widget elementor-widget-text-editor\" data-id=\"e8461e4\" data-element_type=\"widget\" data-e-type=\"widget\" data-widget_type=\"text-editor.default\">\n\t\t\t\t\t\t\t\t\t<p><span style=\"font-family: Monteserrat;\">Amb els anys he ent\u00e8s que el valor real d&#8217;una fotografia no es revela immediatament. Apreix quan aquella fotografia es converteix en ab\u00e8ncia. Quan us mireu i us reconeixeu en una etapa que ja ha passat. Per aix\u00f2 no busco nom\u00e9s imatges boniques. Capturo moments que transcendeixin dins el vostre record familiar. Que amb el pas del temps cuntinu\u00efn parlant, emocionant i explicant qui sou.<\/span><\/p>\t\t\t\t\t\t\t\t<\/div>\n\t\t\t\t\t<\/div>\n\t\t\t\t<\/div>\n\t\t<div class=\"elementor-element elementor-element-d6a3400 e-flex e-con-boxed e-con e-parent\" data-id=\"d6a3400\" data-element_type=\"container\" data-e-type=\"container\" data-settings=\"{&quot;background_background&quot;:&quot;classic&quot;}\">\n\t\t\t\t\t<div class=\"e-con-inner\">\n\t\t\t\t\t<\/div>\n\t\t\t\t<\/div>\n\t\t<div class=\"elementor-element elementor-element-49ad49f e-flex e-con-boxed e-con e-parent\" data-id=\"49ad49f\" data-element_type=\"container\" data-e-type=\"container\" data-settings=\"{&quot;background_background&quot;:&quot;classic&quot;}\">\n\t\t\t\t\t<div class=\"e-con-inner\">\n\t\t\t\t<div class=\"elementor-element elementor-element-d80f20d elementor-widget__width-initial elementor-absolute elementor-widget elementor-widget-image\" data-id=\"d80f20d\" data-element_type=\"widget\" data-e-type=\"widget\" data-settings=\"{&quot;_position&quot;:&quot;absolute&quot;}\" data-widget_type=\"image.default\">\n\t\t\t\t\t\t\t\t\t\t\t\t\t\t\t<img loading=\"lazy\" decoding=\"async\" width=\"1241\" height=\"1754\" src=\"https:\/\/laurabatlles.com\/wp-content\/uploads\/2026\/03\/10.png\" class=\"attachment-full size-full wp-image-838\" alt=\"\" srcset=\"https:\/\/laurabatlles.com\/wp-content\/uploads\/2026\/03\/10.png 1241w, https:\/\/laurabatlles.com\/wp-content\/uploads\/2026\/03\/10-212x300.png 212w, https:\/\/laurabatlles.com\/wp-content\/uploads\/2026\/03\/10-725x1024.png 725w, https:\/\/laurabatlles.com\/wp-content\/uploads\/2026\/03\/10-768x1085.png 768w, https:\/\/laurabatlles.com\/wp-content\/uploads\/2026\/03\/10-1087x1536.png 1087w\" sizes=\"(max-width: 1241px) 100vw, 1241px\" \/>\t\t\t\t\t\t\t\t\t\t\t\t\t\t\t<\/div>\n\t\t\t\t<div class=\"elementor-element elementor-element-5c13bc4 elementor-widget elementor-widget-heading\" data-id=\"5c13bc4\" data-element_type=\"widget\" data-e-type=\"widget\" data-widget_type=\"heading.default\">\n\t\t\t\t\t<h2 class=\"elementor-heading-title elementor-size-default\">Vivint les bodes des de dins.<\/h2>\t\t\t\t<\/div>\n\t\t\t\t\t<\/div>\n\t\t\t\t<\/div>\n\t\t<div class=\"elementor-element elementor-element-5a4f551 e-flex e-con-boxed e-con e-parent\" data-id=\"5a4f551\" data-element_type=\"container\" data-e-type=\"container\" data-settings=\"{&quot;background_background&quot;:&quot;classic&quot;}\">\n\t\t\t\t\t<div class=\"e-con-inner\">\n\t\t\t\t<div class=\"elementor-element elementor-element-582d57a elementor-widget__width-initial elementor-widget elementor-widget-heading\" data-id=\"582d57a\" data-element_type=\"widget\" data-e-type=\"widget\" data-widget_type=\"heading.default\">\n\t\t\t\t\t<h2 class=\"elementor-heading-title elementor-size-default\">Experi\u00e8ncies reals.<\/h2>\t\t\t\t<\/div>\n\t\t\t\t<div class=\"elementor-element elementor-element-208a0c3 elementor-widget__width-initial elementor-testimonial--align-left elementor-testimonial--skin-default elementor-testimonial--layout-image_inline elementor-arrows-yes elementor-widget elementor-widget-testimonial-carousel\" data-id=\"208a0c3\" data-element_type=\"widget\" data-e-type=\"widget\" data-settings=\"{&quot;space_between&quot;:{&quot;unit&quot;:&quot;px&quot;,&quot;size&quot;:15,&quot;sizes&quot;:[]},&quot;show_arrows&quot;:&quot;yes&quot;,&quot;speed&quot;:500,&quot;autoplay&quot;:&quot;yes&quot;,&quot;autoplay_speed&quot;:5000,&quot;loop&quot;:&quot;yes&quot;,&quot;pause_on_hover&quot;:&quot;yes&quot;,&quot;pause_on_interaction&quot;:&quot;yes&quot;,&quot;space_between_tablet&quot;:{&quot;unit&quot;:&quot;px&quot;,&quot;size&quot;:10,&quot;sizes&quot;:[]},&quot;space_between_mobile&quot;:{&quot;unit&quot;:&quot;px&quot;,&quot;size&quot;:10,&quot;sizes&quot;:[]}}\" data-widget_type=\"testimonial-carousel.default\">\n\t\t\t\t\t\t\t\t\t\t<div class=\"elementor-main-swiper swiper\" role=\"region\" aria-roledescription=\"carousel\" aria-label=\"Diapositivas\">\n\t\t\t\t<div class=\"swiper-wrapper\">\n\t\t\t\t\t\t\t\t\t\t\t<div class=\"swiper-slide\" role=\"group\" aria-roledescription=\"slide\">\n\t\t\t\t\t\t\t\t\t<div class=\"elementor-testimonial\">\n\t\t\t\t\t\t\t<div class=\"elementor-testimonial__content\">\n\t\t\t\t\t<div class=\"elementor-testimonial__text\">\n\t\t\t\t\t\tEns vam casar el novembre de l'any passat i la Laura ens va fer unes fotos precioses, amb molt de sentiment i molt d'amor. Edici\u00f3 exquisida i mimat fins a l'\u00faltim detall. Va fer m\u00e0gia amb els nostres records i va poder captar cadascun dels sentiments que es van viure aquell dia; cada abra\u00e7ada, cada somriure, cada ll\u00e0grima... Cada cop que les veiem podem reviure aquest gran dia i \u00e9s espectacular.\n\nPer a la festa contractem a la 'Click box'. La gent s'ho va passar d'all\u00f2 m\u00e9s b\u00e9, es van emportar un preci\u00f3s record del casament i l'atenci\u00f3 va ser de 10. Van ser s\u00faper professionals i va ser com estar en fam\u00edlia. Al final de la nit ens van donar un \u00e0lbum personalitzat amb totes les fotografies del fotomat\u00f3 i dedicat\u00f2ries dels nostres convidats que, tan r\u00e0pid com passa aquell dia, et fa una il\u00b7lusi\u00f3 tremenda tenir i tornar a mirar.\n\nGr\u00e0cies per tot equip! Us volem!!!\t\t\t\t\t<\/div>\n\t\t\t\t\t\t\t\t\t<\/div>\n\t\t\t\t\t\t<div class=\"elementor-testimonial__footer\">\n\t\t\t\t\t\t\t\t<cite class=\"elementor-testimonial__cite\"><span class=\"elementor-testimonial__name\">AINA & ORIOL<\/span><\/cite>\t\t\t<\/div>\n\t\t<\/div>\n\t\t\t\t\t\t\t\t<\/div>\n\t\t\t\t\t\t\t\t\t\t\t<div class=\"swiper-slide\" role=\"group\" aria-roledescription=\"slide\">\n\t\t\t\t\t\t\t\t\t<div class=\"elementor-testimonial\">\n\t\t\t\t\t\t\t<div class=\"elementor-testimonial__content\">\n\t\t\t\t\t<div class=\"elementor-testimonial__text\">\n\t\t\t\t\t\tEns vam casar el 4 d\u2019octubre del 2025 i no podem estar m\u00e9s contents d\u2019haver tingut la sort de comptar amb la Laura i la Paula com a fot\u00f2grafes del nostre gran dia. Des del primer moment ens van transmetre una confian\u00e7a i una calma incre\u00efbles \u2014 aquella sensaci\u00f3 que tot est\u00e0 sota control i que nom\u00e9s has de deixar-te portar.\n\nS\u00f3n dues professionals amb un talent enorme, per\u00f2 sobretot amb una qualitat humana que marca la difer\u00e8ncia. Van saber captar cada moment, cada mirada i cada detall amb una sensibilitat que ens ha deixat sense paraules.\n\nDurant el casament van passar totalment desapercebudes, per\u00f2 alhora hi eren en tots els moments importants. Sempre amb un somriure, amb bon humor i una energia molt bona que es contagiava a tothom. Ens van fer sentir super c\u00f2modes des del primer clic \u2014 i aix\u00f2, en un dia tan intens, val or.\t\t\t\t\t<\/div>\n\t\t\t\t\t\t\t\t\t<\/div>\n\t\t\t\t\t\t<div class=\"elementor-testimonial__footer\">\n\t\t\t\t\t\t\t\t<cite class=\"elementor-testimonial__cite\"><span class=\"elementor-testimonial__name\">GEORGINA & SERGI<\/span><\/cite>\t\t\t<\/div>\n\t\t<\/div>\n\t\t\t\t\t\t\t\t<\/div>\n\t\t\t\t\t\t\t\t\t\t\t<div class=\"swiper-slide\" role=\"group\" aria-roledescription=\"slide\">\n\t\t\t\t\t\t\t\t\t<div class=\"elementor-testimonial\">\n\t\t\t\t\t\t\t<div class=\"elementor-testimonial__content\">\n\t\t\t\t\t<div class=\"elementor-testimonial__text\">\n\t\t\t\t\t\tEns vam casar el 21.06.2025 i vam tenir la sort de tenir la Laura com a fot\u00f2grafa. Ella capta l'ess\u00e8ncia i la transforma en fotos din\u00e0miques, naturals i amb encant. A m\u00e9s, vam fer la preboda per anar escalfant motors i va ser fant\u00e0stic!\nMolt recomanable per la bona sintonia, la professionalitat i la m\u00e0gia que aporta amb la c\u00e0mera. R\u00e0pida i infalible, captar\u00e0 els moments m\u00e9s bonics i els endol\u00e7ar\u00e0.\n\nGr\u00e0cies Laura per la bona sintonia, ho fas tot molt f\u00e0cil!!\n\nXavi i S\u00f2nia\n2\t\t\t\t\t<\/div>\n\t\t\t\t\t\t\t\t\t<\/div>\n\t\t\t\t\t\t<div class=\"elementor-testimonial__footer\">\n\t\t\t\t\t\t\t\t<cite class=\"elementor-testimonial__cite\"><span class=\"elementor-testimonial__name\">S\u00d2NIA & XAVI<\/span><\/cite>\t\t\t<\/div>\n\t\t<\/div>\n\t\t\t\t\t\t\t\t<\/div>\n\t\t\t\t\t\t\t\t\t<\/div>\n\t\t\t\t\t\t\t\t\t\t\t\t\t\t\t<div class=\"elementor-swiper-button elementor-swiper-button-prev\" role=\"button\" tabindex=\"0\" aria-label=\"Anterior\">\n\t\t\t\t\t\t\t<svg aria-hidden=\"true\" class=\"e-font-icon-svg e-eicon-chevron-left\" viewBox=\"0 0 1000 1000\" xmlns=\"http:\/\/www.w3.org\/2000\/svg\"><path d=\"M646 125C629 125 613 133 604 142L308 442C296 454 292 471 292 487 292 504 296 521 308 533L604 854C617 867 629 875 646 875 663 875 679 871 692 858 704 846 713 829 713 812 713 796 708 779 692 767L438 487 692 225C700 217 708 204 708 187 708 171 704 154 692 142 675 129 663 125 646 125Z\"><\/path><\/svg>\t\t\t\t\t\t<\/div>\n\t\t\t\t\t\t<div class=\"elementor-swiper-button elementor-swiper-button-next\" role=\"button\" tabindex=\"0\" aria-label=\"Siguiente\">\n\t\t\t\t\t\t\t<svg aria-hidden=\"true\" class=\"e-font-icon-svg e-eicon-chevron-right\" viewBox=\"0 0 1000 1000\" xmlns=\"http:\/\/www.w3.org\/2000\/svg\"><path d=\"M696 533C708 521 713 504 713 487 713 471 708 454 696 446L400 146C388 133 375 125 354 125 338 125 325 129 313 142 300 154 292 171 292 187 292 204 296 221 308 233L563 492 304 771C292 783 288 800 288 817 288 833 296 850 308 863 321 871 338 875 354 875 371 875 388 867 400 854L696 533Z\"><\/path><\/svg>\t\t\t\t\t\t<\/div>\n\t\t\t\t\t\t\t\t\t\t\t\t\t\t\t\t\t<\/div>\n\t\t\t\t\t\t\t\t<\/div>\n\t\t\t\t\t<\/div>\n\t\t\t\t<\/div>\n\t\t<div class=\"elementor-element elementor-element-a6e2404 e-flex e-con-boxed e-con e-parent\" data-id=\"a6e2404\" data-element_type=\"container\" data-e-type=\"container\" data-settings=\"{&quot;background_background&quot;:&quot;classic&quot;}\">\n\t\t\t\t\t<div class=\"e-con-inner\">\n\t\t\t\t\t<\/div>\n\t\t\t\t<\/div>\n\t\t\t\t<\/div>\n\t\t","protected":false},"excerpt":{"rendered":"<p>All\u00f2 que avui \u00e9s present, dem\u00e0 ser\u00e0 mem\u00f2ria. Amb els anys he ent\u00e8s que el valor real d&#8217;una fotografia no es revela immediatament. Apreix quan aquella fotografia es converteix en ab\u00e8ncia. Quan us mireu i us reconeixeu en una etapa que ja ha passat. Per aix\u00f2 no busco nom\u00e9s imatges boniques. Capturo moments que transcendeixin [&hellip;]<\/p>\n","protected":false},"author":1,"featured_media":0,"parent":0,"menu_order":0,"comment_status":"closed","ping_status":"closed","template":"","meta":{"footnotes":""},"class_list":["post-13","page","type-page","status-publish","hentry"],"_links":{"self":[{"href":"https:\/\/laurabatlles.com\/index.php?rest_route=\/wp\/v2\/pages\/13","targetHints":{"allow":["GET"]}}],"collection":[{"href":"https:\/\/laurabatlles.com\/index.php?rest_route=\/wp\/v2\/pages"}],"about":[{"href":"https:\/\/laurabatlles.com\/index.php?rest_route=\/wp\/v2\/types\/page"}],"author":[{"embeddable":true,"href":"https:\/\/laurabatlles.com\/index.php?rest_route=\/wp\/v2\/users\/1"}],"replies":[{"embeddable":true,"href":"https:\/\/laurabatlles.com\/index.php?rest_route=%2Fwp%2Fv2%2Fcomments&post=13"}],"version-history":[{"count":371,"href":"https:\/\/laurabatlles.com\/index.php?rest_route=\/wp\/v2\/pages\/13\/revisions"}],"predecessor-version":[{"id":1225,"href":"https:\/\/laurabatlles.com\/index.php?rest_route=\/wp\/v2\/pages\/13\/revisions\/1225"}],"wp:attachment":[{"href":"https:\/\/laurabatlles.com\/index.php?rest_route=%2Fwp%2Fv2%2Fmedia&parent=13"}],"curies":[{"name":"wp","href":"https:\/\/api.w.org\/{rel}","templated":true}]}}