{"id":16,"date":"2026-03-18T09:41:06","date_gmt":"2026-03-18T09:41:06","guid":{"rendered":"https:\/\/laurabatlles.com\/?page_id=16"},"modified":"2026-03-24T13:11:09","modified_gmt":"2026-03-24T13:11:09","slug":"contacte","status":"publish","type":"page","link":"https:\/\/laurabatlles.com\/?page_id=16","title":{"rendered":"CONTACTE"},"content":{"rendered":"\t\t<div data-elementor-type=\"wp-page\" data-elementor-id=\"16\" class=\"elementor elementor-16\" data-elementor-post-type=\"page\">\n\t\t\t\t<div class=\"elementor-element elementor-element-0c31229 e-flex e-con-boxed e-con e-parent\" data-id=\"0c31229\" data-element_type=\"container\" data-e-type=\"container\" data-settings=\"{&quot;background_background&quot;:&quot;classic&quot;}\">\n\t\t\t\t\t<div class=\"e-con-inner\">\n\t\t\t\t<div class=\"elementor-element elementor-element-ed73b24 elementor-widget__width-initial animated-slow elementor-invisible elementor-widget elementor-widget-image\" data-id=\"ed73b24\" data-element_type=\"widget\" data-e-type=\"widget\" data-settings=\"{&quot;sticky&quot;:&quot;top&quot;,&quot;_animation&quot;:&quot;fadeIn&quot;,&quot;_animation_delay&quot;:800,&quot;sticky_on&quot;:[&quot;desktop&quot;,&quot;tablet&quot;,&quot;mobile&quot;],&quot;sticky_offset&quot;:0,&quot;sticky_effects_offset&quot;:0,&quot;sticky_anchor_link_offset&quot;:0}\" data-widget_type=\"image.default\">\n\t\t\t\t\t\t\t\t\t\t\t\t\t\t\t<img fetchpriority=\"high\" decoding=\"async\" width=\"800\" height=\"580\" src=\"https:\/\/laurabatlles.com\/wp-content\/uploads\/2026\/03\/LOGOS_BLANCS-15-1024x742.png\" class=\"attachment-large size-large wp-image-42\" alt=\"\" srcset=\"https:\/\/laurabatlles.com\/wp-content\/uploads\/2026\/03\/LOGOS_BLANCS-15-1024x742.png 1024w, https:\/\/laurabatlles.com\/wp-content\/uploads\/2026\/03\/LOGOS_BLANCS-15-300x217.png 300w, https:\/\/laurabatlles.com\/wp-content\/uploads\/2026\/03\/LOGOS_BLANCS-15-768x557.png 768w, https:\/\/laurabatlles.com\/wp-content\/uploads\/2026\/03\/LOGOS_BLANCS-15-1536x1114.png 1536w, https:\/\/laurabatlles.com\/wp-content\/uploads\/2026\/03\/LOGOS_BLANCS-15-2048x1485.png 2048w\" sizes=\"(max-width: 800px) 100vw, 800px\" \/>\t\t\t\t\t\t\t\t\t\t\t\t\t\t\t<\/div>\n\t\t\t\t\t<\/div>\n\t\t\t\t<\/div>\n\t\t<div class=\"elementor-element elementor-element-90cc665 e-flex e-con-boxed e-con e-parent\" data-id=\"90cc665\" data-element_type=\"container\" data-e-type=\"container\" data-settings=\"{&quot;background_background&quot;:&quot;classic&quot;,&quot;position&quot;:&quot;absolute&quot;}\">\n\t\t\t\t\t<div class=\"e-con-inner\">\n\t\t\t\t<div class=\"elementor-element elementor-element-44e0c46 elementor-widget__width-initial elementor-widget elementor-widget-image\" data-id=\"44e0c46\" data-element_type=\"widget\" data-e-type=\"widget\" data-widget_type=\"image.default\">\n\t\t\t\t\t\t\t\t\t\t\t\t\t\t\t<img decoding=\"async\" width=\"800\" height=\"534\" src=\"https:\/\/laurabatlles.com\/wp-content\/uploads\/2026\/03\/AA_1121-1024x683.jpg\" class=\"attachment-large size-large wp-image-553\" alt=\"\" srcset=\"https:\/\/laurabatlles.com\/wp-content\/uploads\/2026\/03\/AA_1121-1024x683.jpg 1024w, https:\/\/laurabatlles.com\/wp-content\/uploads\/2026\/03\/AA_1121-300x200.jpg 300w, https:\/\/laurabatlles.com\/wp-content\/uploads\/2026\/03\/AA_1121-768x512.jpg 768w, https:\/\/laurabatlles.com\/wp-content\/uploads\/2026\/03\/AA_1121-1536x1024.jpg 1536w, https:\/\/laurabatlles.com\/wp-content\/uploads\/2026\/03\/AA_1121.jpg 2008w\" sizes=\"(max-width: 800px) 100vw, 800px\" \/>\t\t\t\t\t\t\t\t\t\t\t\t\t\t\t<\/div>\n\t\t\t\t<div class=\"elementor-element elementor-element-d0a07fb elementor-widget__width-initial elementor-widget elementor-widget-text-editor\" data-id=\"d0a07fb\" data-element_type=\"widget\" data-e-type=\"widget\" data-widget_type=\"text-editor.default\">\n\t\t\t\t\t\t\t\t\t<p class=\"p2\"><span style=\"font-family: Monteserrat;\"><span class=\"s1\">S\u00f3c <\/span>transparent, propera i molt emp\u00e0tica. Connectar amb les parelles \u00e9s important per a mi. Necessito sentir que hi ha confian\u00e7a, poder ser-hi amb naturalitat i formar part del que est\u00e0 passant.<\/span><\/p>\n<p class=\"p2\"><span style=\"font-family: Monteserrat;\">No nom\u00e9s el dia de la boda, sin\u00f3 abans. En els dubtes. En les decisions. En els nervis previs. M\u2019agrada que sapigueu que hi soc, que podeu confiar en mi i que tot fluir\u00e0.<\/span><\/p><p class=\"p2\"><span style=\"font-family: Monteserrat;\">Vull fer fotos boniques, s\u00ed. Cuido la llum, la composici\u00f3 i cada detall. Per\u00f2 la bellesa, per mi, no \u00e9s nom\u00e9s est\u00e8tica. \u00c9s emoci\u00f3. \u00c9s veritat. \u00c9s significat.<\/span><\/p><p class=\"p2\"><span style=\"font-family: Monteserrat;\">M\u2019interessa el que passa entre l\u00ednies. Les complicitats discretes. Els silencis que ho expliquen tot. Aquell gest petit que potser nom\u00e9s dura un instant, per\u00f2 que un dia tindr\u00e0 un valor immens.<\/span><\/p>\t\t\t\t\t\t\t\t<\/div>\n\t\t\t\t\t<\/div>\n\t\t\t\t<\/div>\n\t\t<div class=\"elementor-element elementor-element-9febf70 e-flex e-con-boxed e-con e-parent\" data-id=\"9febf70\" data-element_type=\"container\" data-e-type=\"container\" data-settings=\"{&quot;background_background&quot;:&quot;classic&quot;}\">\n\t\t\t\t\t<div class=\"e-con-inner\">\n\t\t\t\t<div class=\"elementor-element elementor-element-14b2f78 elementor-widget__width-initial elementor-widget elementor-widget-heading\" data-id=\"14b2f78\" data-element_type=\"widget\" data-e-type=\"widget\" data-widget_type=\"heading.default\">\n\t\t\t\t\t<h2 class=\"elementor-heading-title elementor-size-default\">Ser\u00e0 un honor<br>acompanyar-vos<\/h2>\t\t\t\t<\/div>\n\t\t\t\t<div class=\"elementor-element elementor-element-a56b0dd elementor-widget__width-initial elementor-widget elementor-widget-text-editor\" data-id=\"a56b0dd\" data-element_type=\"widget\" data-e-type=\"widget\" data-widget_type=\"text-editor.default\">\n\t\t\t\t\t\t\t\t\t<p><span style=\"font-family: Monteserrat;\">Si, despr\u00e9s de tot, connecteu amb aquesta manera d&#8217;entendre una boda, si busqueu alguna cosa real, honesta i amb sentit, potser estem destinats a fer aquest cam\u00ed junts.<\/span><\/p>\t\t\t\t\t\t\t\t<\/div>\n\t\t\t\t<div class=\"elementor-element elementor-element-6cc2f1a elementor-widget__width-initial elementor-button-align-stretch elementor-widget elementor-widget-form\" data-id=\"6cc2f1a\" data-element_type=\"widget\" data-e-type=\"widget\" data-settings=\"{&quot;step_next_label&quot;:&quot;Siguiente&quot;,&quot;step_previous_label&quot;:&quot;Anterior&quot;,&quot;button_width&quot;:&quot;100&quot;,&quot;step_type&quot;:&quot;number_text&quot;,&quot;step_icon_shape&quot;:&quot;circle&quot;}\" data-widget_type=\"form.default\">\n\t\t\t\t\t\t\t<form class=\"elementor-form\" method=\"post\" name=\"LAURA BATLLES\" aria-label=\"LAURA BATLLES\">\n\t\t\t<input type=\"hidden\" name=\"post_id\" value=\"16\"\/>\n\t\t\t<input type=\"hidden\" name=\"form_id\" value=\"6cc2f1a\"\/>\n\t\t\t<input type=\"hidden\" name=\"referer_title\" value=\"CONTACTE\" \/>\n\n\t\t\t\t\t\t\t<input type=\"hidden\" name=\"queried_id\" value=\"16\"\/>\n\t\t\t\n\t\t\t<div class=\"elementor-form-fields-wrapper elementor-labels-above\">\n\t\t\t\t\t\t\t\t<div class=\"elementor-field-type-text elementor-field-group elementor-column elementor-field-group-name elementor-col-100 elementor-field-required\">\n\t\t\t\t\t\t\t\t\t\t\t\t\t<input size=\"1\" type=\"text\" name=\"form_fields[name]\" id=\"form-field-name\" class=\"elementor-field elementor-size-sm  elementor-field-textual\" placeholder=\"Els vostres noms\" required=\"required\">\n\t\t\t\t\t\t\t\t\t\t\t<\/div>\n\t\t\t\t\t\t\t\t<div class=\"elementor-field-type-number elementor-field-group elementor-column elementor-field-group-field_ae4c058 elementor-col-50 elementor-field-required\">\n\t\t\t\t\t\t\t\t<input type=\"number\" name=\"form_fields[field_ae4c058]\" id=\"form-field-field_ae4c058\" class=\"elementor-field elementor-size-sm  elementor-field-textual\" placeholder=\"Tel\u00e8fon m\u00f2bil\" required=\"required\" min=\"\" max=\"\" >\n\t\t\t\t\t\t<\/div>\n\t\t\t\t\t\t\t\t<div class=\"elementor-field-type-email elementor-field-group elementor-column elementor-field-group-email elementor-col-50 elementor-field-required\">\n\t\t\t\t\t\t\t\t\t\t\t\t\t<input size=\"1\" type=\"email\" name=\"form_fields[email]\" id=\"form-field-email\" class=\"elementor-field elementor-size-sm  elementor-field-textual\" placeholder=\"Correu elect\u00f2nic\" required=\"required\">\n\t\t\t\t\t\t\t\t\t\t\t<\/div>\n\t\t\t\t\t\t\t\t<div class=\"elementor-field-type-date elementor-field-group elementor-column elementor-field-group-field_3086454 elementor-col-100 elementor-field-required\">\n\t\t\t\t\t\t\t\t\t\t\t\t<label for=\"form-field-field_3086454\" class=\"elementor-field-label\">\n\t\t\t\t\t\t\t\tData\t\t\t\t\t\t\t<\/label>\n\t\t\t\t\t\t\n\t\t<input type=\"date\" name=\"form_fields[field_3086454]\" id=\"form-field-field_3086454\" class=\"elementor-field elementor-size-sm  elementor-field-textual elementor-date-field\" placeholder=\"El dia de la boda\" required=\"required\" pattern=\"[0-9]{4}-[0-9]{2}-[0-9]{2}\">\n\t\t\t\t\t\t<\/div>\n\t\t\t\t\t\t\t\t<div class=\"elementor-field-type-text elementor-field-group elementor-column elementor-field-group-field_cc7ee0a elementor-col-100 elementor-field-required\">\n\t\t\t\t\t\t\t\t\t\t\t\t\t<input size=\"1\" type=\"text\" name=\"form_fields[field_cc7ee0a]\" id=\"form-field-field_cc7ee0a\" class=\"elementor-field elementor-size-sm  elementor-field-textual\" placeholder=\"La finca, el mas o l&#039;hotel de la boda\" required=\"required\">\n\t\t\t\t\t\t\t\t\t\t\t<\/div>\n\t\t\t\t\t\t\t\t<div class=\"elementor-field-type-text elementor-field-group elementor-column elementor-field-group-field_1cc7ca7 elementor-col-100 elementor-field-required\">\n\t\t\t\t\t\t\t\t\t\t\t\t\t<input size=\"1\" type=\"text\" name=\"form_fields[field_1cc7ca7]\" id=\"form-field-field_1cc7ca7\" class=\"elementor-field elementor-size-sm  elementor-field-textual\" placeholder=\"Nombre d&#039;invitats a la boda\" required=\"required\">\n\t\t\t\t\t\t\t\t\t\t\t<\/div>\n\t\t\t\t\t\t\t\t<div class=\"elementor-field-type-text elementor-field-group elementor-column elementor-field-group-field_74bb4f9 elementor-col-100\">\n\t\t\t\t\t\t\t\t\t\t\t\t\t<input size=\"1\" type=\"text\" name=\"form_fields[field_74bb4f9]\" id=\"form-field-field_74bb4f9\" class=\"elementor-field elementor-size-sm  elementor-field-textual\" placeholder=\"Com m&#039;heu conegut ? ( instagram, recomanaci\u00f3, google... ) \">\n\t\t\t\t\t\t\t\t\t\t\t<\/div>\n\t\t\t\t\t\t\t\t<div class=\"elementor-field-type-textarea elementor-field-group elementor-column elementor-field-group-message elementor-col-100\">\n\t\t\t\t\t<textarea class=\"elementor-field-textual elementor-field  elementor-size-sm\" name=\"form_fields[message]\" id=\"form-field-message\" rows=\"4\" placeholder=\"Expliqueu-me els detalls del vostre casament, estar\u00e8 encantada de poder formar-ne part.\"><\/textarea>\t\t\t\t<\/div>\n\t\t\t\t\t\t\t\t<div class=\"elementor-field-type-recaptcha_v3 elementor-field-group elementor-column elementor-field-group-field_8cf3672 elementor-col-100 recaptcha_v3-bottomright\">\n\t\t\t\t\t<div class=\"elementor-field\" id=\"form-field-field_8cf3672\"><\/div>\t\t\t\t<\/div>\n\t\t\t\t\t\t\t\t<div class=\"elementor-field-group elementor-column elementor-field-type-submit elementor-col-100 e-form__buttons\">\n\t\t\t\t\t<button class=\"elementor-button elementor-size-sm\" type=\"submit\">\n\t\t\t\t\t\t<span class=\"elementor-button-content-wrapper\">\n\t\t\t\t\t\t\t\t\t\t\t\t\t\t\t\t\t\t\t\t\t\t<span class=\"elementor-button-text\">Enviar<\/span>\n\t\t\t\t\t\t\t\t\t\t\t\t\t<\/span>\n\t\t\t\t\t<\/button>\n\t\t\t\t<\/div>\n\t\t\t<\/div>\n\t\t<\/form>\n\t\t\t\t\t\t<\/div>\n\t\t\t\t\t<\/div>\n\t\t\t\t<\/div>\n\t\t<div class=\"elementor-element elementor-element-bb97a78 e-flex e-con-boxed e-con e-parent\" data-id=\"bb97a78\" data-element_type=\"container\" data-e-type=\"container\" data-settings=\"{&quot;background_background&quot;:&quot;classic&quot;}\">\n\t\t\t\t\t<div class=\"e-con-inner\">\n\t\t\t\t\t<\/div>\n\t\t\t\t<\/div>\n\t\t\t\t<\/div>\n\t\t","protected":false},"excerpt":{"rendered":"<p>S\u00f3c transparent, propera i molt emp\u00e0tica. Connectar amb les parelles \u00e9s important per a mi. Necessito sentir que hi ha confian\u00e7a, poder ser-hi amb naturalitat i formar part del que est\u00e0 passant. No nom\u00e9s el dia de la boda, sin\u00f3 abans. En els dubtes. En les decisions. En els nervis previs. M\u2019agrada que sapigueu que [&hellip;]<\/p>\n","protected":false},"author":1,"featured_media":0,"parent":0,"menu_order":0,"comment_status":"closed","ping_status":"closed","template":"","meta":{"footnotes":""},"class_list":["post-16","page","type-page","status-publish","hentry"],"_links":{"self":[{"href":"https:\/\/laurabatlles.com\/index.php?rest_route=\/wp\/v2\/pages\/16","targetHints":{"allow":["GET"]}}],"collection":[{"href":"https:\/\/laurabatlles.com\/index.php?rest_route=\/wp\/v2\/pages"}],"about":[{"href":"https:\/\/laurabatlles.com\/index.php?rest_route=\/wp\/v2\/types\/page"}],"author":[{"embeddable":true,"href":"https:\/\/laurabatlles.com\/index.php?rest_route=\/wp\/v2\/users\/1"}],"replies":[{"embeddable":true,"href":"https:\/\/laurabatlles.com\/index.php?rest_route=%2Fwp%2Fv2%2Fcomments&post=16"}],"version-history":[{"count":227,"href":"https:\/\/laurabatlles.com\/index.php?rest_route=\/wp\/v2\/pages\/16\/revisions"}],"predecessor-version":[{"id":1369,"href":"https:\/\/laurabatlles.com\/index.php?rest_route=\/wp\/v2\/pages\/16\/revisions\/1369"}],"wp:attachment":[{"href":"https:\/\/laurabatlles.com\/index.php?rest_route=%2Fwp%2Fv2%2Fmedia&parent=16"}],"curies":[{"name":"wp","href":"https:\/\/api.w.org\/{rel}","templated":true}]}}